{"id":66,"date":"2020-07-15T09:22:21","date_gmt":"2020-07-15T09:22:21","guid":{"rendered":"https:\/\/www.jmikael.fi\/?page_id=66"},"modified":"2026-03-14T11:17:37","modified_gmt":"2026-03-14T11:17:37","slug":"julkaisut","status":"publish","type":"page","link":"https:\/\/www.jmikael.fi\/jmikael\/julkaisut\/","title":{"rendered":"Julkaisut"},"content":{"rendered":"\n<p>T\u00e4ll\u00e4 sivulla on vain viralliset albumit! <br><br>Kaikki viisi<em><em> levy\u00e4, Vesi (2019), Puu (2020), Tuli (2021), Maa (2023) sek\u00e4 V (2024) saatavilla hintaan 10\u20ac\/kpl (sis. l\u00e4hetyskulut suomessa) osoitteesta<\/em>: <em>jannesposti<\/em>@gmail.com. <em>Tarjous nelj\u00e4st\u00e4 ensimm\u00e4isest\u00e4 albumista vapaavalintaisesti: Kaksi kpl yht. 15\u20ac. Nelj\u00e4 kpl yht. 25\u20ac.<\/em><\/em><br><br>Uudet videot ja erilaisia live tallenteita l\u00f6ytyy t\u00e4m\u00e4n sivuston aloitus-sivulta: <a href=\"https:\/\/www.jmikael.fi\/jmikael\" target=\"_blank\" rel=\"noreferrer noopener\">https:\/\/www.jmikael.fi\/jmikael<\/a><br><br><\/p>\n\n\n\n<figure class=\"wp-block-image size-large\"><img loading=\"lazy\" decoding=\"async\" width=\"1024\" height=\"1024\" src=\"https:\/\/www.jmikael.fi\/jmikael\/wp-content\/uploads\/2024\/04\/Etukansi1m3jpg-1-1024x1024.jpg\" alt=\"\" class=\"wp-image-961\" srcset=\"https:\/\/www.jmikael.fi\/jmikael\/wp-content\/uploads\/2024\/04\/Etukansi1m3jpg-1-1024x1024.jpg 1024w, https:\/\/www.jmikael.fi\/jmikael\/wp-content\/uploads\/2024\/04\/Etukansi1m3jpg-1-300x300.jpg 300w, https:\/\/www.jmikael.fi\/jmikael\/wp-content\/uploads\/2024\/04\/Etukansi1m3jpg-1-150x150.jpg 150w, https:\/\/www.jmikael.fi\/jmikael\/wp-content\/uploads\/2024\/04\/Etukansi1m3jpg-1-768x768.jpg 768w, https:\/\/www.jmikael.fi\/jmikael\/wp-content\/uploads\/2024\/04\/Etukansi1m3jpg-1-1536x1536.jpg 1536w, https:\/\/www.jmikael.fi\/jmikael\/wp-content\/uploads\/2024\/04\/Etukansi1m3jpg-1-2048x2048.jpg 2048w, https:\/\/www.jmikael.fi\/jmikael\/wp-content\/uploads\/2024\/04\/Etukansi1m3jpg-1-100x100.jpg 100w\" sizes=\"auto, (max-width: 706px) 89vw, (max-width: 767px) 82vw, 740px\" \/><figcaption class=\"wp-element-caption\">J Mikaelin viides albumi (julkaistu 3.5.2024) saatavana CD:n\u00e4 hintaan 10e\/kpl + 2e l\u00e4hetyskulut.<br>Tilaukset: jannesposti@gmail.com) Kiitos!!!<br> Kuultavissa my\u00f6s mm. Spotifyss\u00e4: <a href=\"https:\/\/open.spotify.com\/album\/27hE7ziYtNMWwKGKQuFwtU?si=84FXrMZTR5OvSwUQw-Xq6A\">https:\/\/open.spotify.com\/album\/27hE7ziYtNMWwKGKQuFwtU?si=84FXrMZTR5OvSwUQw-Xq6A<\/a> <br><br><br><br><\/figcaption><\/figure>\n\n\n\n<figure class=\"wp-block-image size-large\"><img loading=\"lazy\" decoding=\"async\" width=\"1024\" height=\"1007\" src=\"https:\/\/www.jmikael.fi\/jmikael\/wp-content\/uploads\/2023\/04\/MaaEtuUUS2lDIGIJULK-1024x1007.jpg\" alt=\"\" class=\"wp-image-732\" srcset=\"https:\/\/www.jmikael.fi\/jmikael\/wp-content\/uploads\/2023\/04\/MaaEtuUUS2lDIGIJULK-1024x1007.jpg 1024w, https:\/\/www.jmikael.fi\/jmikael\/wp-content\/uploads\/2023\/04\/MaaEtuUUS2lDIGIJULK-300x295.jpg 300w, https:\/\/www.jmikael.fi\/jmikael\/wp-content\/uploads\/2023\/04\/MaaEtuUUS2lDIGIJULK-768x755.jpg 768w, https:\/\/www.jmikael.fi\/jmikael\/wp-content\/uploads\/2023\/04\/MaaEtuUUS2lDIGIJULK-1536x1510.jpg 1536w, https:\/\/www.jmikael.fi\/jmikael\/wp-content\/uploads\/2023\/04\/MaaEtuUUS2lDIGIJULK-2048x2013.jpg 2048w\" sizes=\"auto, (max-width: 706px) 89vw, (max-width: 767px) 82vw, 740px\" \/><figcaption class=\"wp-element-caption\">J Mikaelin jo nelj\u00e4s t\u00e4yspitk\u00e4 albumi &#8221;Maa&#8221; saatavana CD:n\u00e4. Osa lauluista kuultavissa Youtube-kanavalla <a href=\"https:\/\/www.youtube.com\/@jannemikael\">https:\/\/www.youtube.com\/@jannemikael<\/a>, jossa lis\u00e4ksi paljon livetallenteita ja muita videoita.<br><br><br><\/figcaption><\/figure>\n\n\n\n<figure class=\"wp-block-image size-large is-resized\"><img loading=\"lazy\" decoding=\"async\" width=\"1024\" height=\"1024\" src=\"https:\/\/www.jmikael.fi\/jmikael\/wp-content\/uploads\/2025\/11\/J_Mikael_OCo_Tuli1-1024x1024.jpg\" alt=\"\" class=\"wp-image-1210\" style=\"width:674px;height:auto\" srcset=\"https:\/\/www.jmikael.fi\/jmikael\/wp-content\/uploads\/2025\/11\/J_Mikael_OCo_Tuli1-1024x1024.jpg 1024w, https:\/\/www.jmikael.fi\/jmikael\/wp-content\/uploads\/2025\/11\/J_Mikael_OCo_Tuli1-300x300.jpg 300w, https:\/\/www.jmikael.fi\/jmikael\/wp-content\/uploads\/2025\/11\/J_Mikael_OCo_Tuli1-150x150.jpg 150w, https:\/\/www.jmikael.fi\/jmikael\/wp-content\/uploads\/2025\/11\/J_Mikael_OCo_Tuli1-768x768.jpg 768w, https:\/\/www.jmikael.fi\/jmikael\/wp-content\/uploads\/2025\/11\/J_Mikael_OCo_Tuli1-1536x1536.jpg 1536w, https:\/\/www.jmikael.fi\/jmikael\/wp-content\/uploads\/2025\/11\/J_Mikael_OCo_Tuli1-2048x2048.jpg 2048w, https:\/\/www.jmikael.fi\/jmikael\/wp-content\/uploads\/2025\/11\/J_Mikael_OCo_Tuli1-100x100.jpg 100w\" sizes=\"auto, (max-width: 706px) 89vw, (max-width: 767px) 82vw, 740px\" \/><\/figure>\n\n\n\n<p>J Mikaelin kolmas pitk\u00e4 albumi &#8221;Tuli&#8221; saatavana CD:n\u00e4. Osa lauluista kuultavissa Youtube-kanavalla <a href=\"https:\/\/www.youtube.com\/@jannemikael\">https:\/\/www.youtube.com\/@jannemikael<\/a>, jossa lis\u00e4ksi paljon livetallenteita ja muita videoita.<br><br><\/p>\n\n\n\n<figure class=\"wp-block-image size-large\"><a href=\"https:\/\/www.youtube.com\/playlist?list=OLAK5uy_neHax9JW_ylL2r1Ica3s3A0XN8OX8bLOs\" target=\"_blank\" rel=\"noopener noreferrer\"><img loading=\"lazy\" decoding=\"async\" width=\"1001\" height=\"1024\" src=\"https:\/\/www.jmikael.fi\/jmikael\/wp-content\/uploads\/2020\/08\/PuuKansiH1-1001x1024.jpg\" alt=\"\" class=\"wp-image-219\" srcset=\"https:\/\/www.jmikael.fi\/jmikael\/wp-content\/uploads\/2020\/08\/PuuKansiH1-1001x1024.jpg 1001w, https:\/\/www.jmikael.fi\/jmikael\/wp-content\/uploads\/2020\/08\/PuuKansiH1-293x300.jpg 293w, https:\/\/www.jmikael.fi\/jmikael\/wp-content\/uploads\/2020\/08\/PuuKansiH1-768x786.jpg 768w, https:\/\/www.jmikael.fi\/jmikael\/wp-content\/uploads\/2020\/08\/PuuKansiH1.jpg 1500w\" sizes=\"auto, (max-width: 706px) 89vw, (max-width: 767px) 82vw, 740px\" \/><\/a><figcaption class=\"wp-element-caption\">Albumi &#8221;Puu&#8221; (julkaistu elokuussa 2020) saatavana CD:n\u00e4. Osa lauluista kuultavissa Youtube-kanavalla <a href=\"https:\/\/www.youtube.com\/@jannemikael\">https:\/\/www.youtube.com\/@jannemikael<\/a>, jossa lis\u00e4ksi paljon livetallenteita ja muita videoita.<br><br><br><\/figcaption><\/figure>\n\n\n<div class=\"wp-block-image\">\n<figure class=\"aligncenter size-large\"><img loading=\"lazy\" decoding=\"async\" width=\"1023\" height=\"1023\" src=\"https:\/\/www.jmikael.fi\/jmikael\/wp-content\/uploads\/2020\/07\/J-Mikael_Vesi_Etukansi_bleed3mm.jpg\" alt=\"\" class=\"wp-image-68\" srcset=\"https:\/\/www.jmikael.fi\/jmikael\/wp-content\/uploads\/2020\/07\/J-Mikael_Vesi_Etukansi_bleed3mm.jpg 1023w, https:\/\/www.jmikael.fi\/jmikael\/wp-content\/uploads\/2020\/07\/J-Mikael_Vesi_Etukansi_bleed3mm-300x300.jpg 300w, https:\/\/www.jmikael.fi\/jmikael\/wp-content\/uploads\/2020\/07\/J-Mikael_Vesi_Etukansi_bleed3mm-150x150.jpg 150w, https:\/\/www.jmikael.fi\/jmikael\/wp-content\/uploads\/2020\/07\/J-Mikael_Vesi_Etukansi_bleed3mm-768x768.jpg 768w, https:\/\/www.jmikael.fi\/jmikael\/wp-content\/uploads\/2020\/07\/J-Mikael_Vesi_Etukansi_bleed3mm-100x100.jpg 100w\" sizes=\"auto, (max-width: 706px) 89vw, (max-width: 767px) 82vw, 740px\" \/><figcaption class=\"wp-element-caption\">J Mikaelin debyyttialbumi &#8221;Vesi&#8221; (julkaistu Marraskuussa 2019)<br>saatavana CD:n\u00e4. Osa lauluista kuultavissa Youtube-kanavalla <a href=\"https:\/\/www.youtube.com\/@jannemikael\">https:\/\/www.youtube.com\/@jannemikael<\/a>, jossa lis\u00e4ksi paljon livetallenteita ja muita videoita.<br><br><\/figcaption><\/figure>\n<\/div>\n\n\n<p class=\"has-text-align-center\">Kaikki viisi<em><em> levy\u00e4, Vesi (2019), Puu (2020), Tuli (2021), Maa (2023) sek\u00e4 V (2024) saatavilla hintaan 10\u20ac\/kpl (sis. l\u00e4hetyskulut suomessa) osoitteesta<\/em>: <em>jannesposti<\/em>@gmail.com. <em>Tarjous nelj\u00e4st\u00e4 ensimm\u00e4isest\u00e4 albumista vapaavalintaisesti: Kaksi kpl yht. 15\u20ac. Nelj\u00e4 kpl yht. 25\u20ac.<\/em><\/em><br><br><\/p>\n\n\n\n<p><\/p>\n","protected":false},"excerpt":{"rendered":"<p>T\u00e4ll\u00e4 sivulla on vain viralliset albumit! Kaikki viisi levy\u00e4, Vesi (2019), Puu (2020), Tuli (2021), Maa (2023) sek\u00e4 V (2024) saatavilla hintaan 10\u20ac\/kpl (sis. l\u00e4hetyskulut suomessa) osoitteesta: jannesposti@gmail.com. Tarjous nelj\u00e4st\u00e4 ensimm\u00e4isest\u00e4 albumista vapaavalintaisesti: Kaksi kpl yht. 15\u20ac. Nelj\u00e4 kpl yht. 25\u20ac. Uudet videot ja erilaisia live tallenteita l\u00f6ytyy t\u00e4m\u00e4n sivuston aloitus-sivulta: https:\/\/www.jmikael.fi\/jmikael J Mikaelin kolmas &hellip; <\/p>\n<p class=\"link-more\"><a href=\"https:\/\/www.jmikael.fi\/jmikael\/julkaisut\/\" class=\"more-link\">Jatka lukemista<span class=\"screen-reader-text\"> &#8221;Julkaisut&#8221;<\/span><\/a><\/p>\n","protected":false},"author":2,"featured_media":0,"parent":0,"menu_order":0,"comment_status":"closed","ping_status":"closed","template":"","meta":{"footnotes":""},"class_list":["post-66","page","type-page","status-publish","hentry"],"_links":{"self":[{"href":"https:\/\/www.jmikael.fi\/jmikael\/wp-json\/wp\/v2\/pages\/66","targetHints":{"allow":["GET"]}}],"collection":[{"href":"https:\/\/www.jmikael.fi\/jmikael\/wp-json\/wp\/v2\/pages"}],"about":[{"href":"https:\/\/www.jmikael.fi\/jmikael\/wp-json\/wp\/v2\/types\/page"}],"author":[{"embeddable":true,"href":"https:\/\/www.jmikael.fi\/jmikael\/wp-json\/wp\/v2\/users\/2"}],"replies":[{"embeddable":true,"href":"https:\/\/www.jmikael.fi\/jmikael\/wp-json\/wp\/v2\/comments?post=66"}],"version-history":[{"count":73,"href":"https:\/\/www.jmikael.fi\/jmikael\/wp-json\/wp\/v2\/pages\/66\/revisions"}],"predecessor-version":[{"id":1271,"href":"https:\/\/www.jmikael.fi\/jmikael\/wp-json\/wp\/v2\/pages\/66\/revisions\/1271"}],"wp:attachment":[{"href":"https:\/\/www.jmikael.fi\/jmikael\/wp-json\/wp\/v2\/media?parent=66"}],"curies":[{"name":"wp","href":"https:\/\/api.w.org\/{rel}","templated":true}]}}